{"id":11499,"date":"2026-03-03T14:12:19","date_gmt":"2026-03-03T13:12:19","guid":{"rendered":"https:\/\/www.futbalovedresysk.com\/?post_type=product&#038;p=11499"},"modified":"2026-03-03T14:12:20","modified_gmt":"2026-03-03T13:12:20","slug":"damske-dresy-arsenal-piero-hincapie-5-2025-26-prec","status":"publish","type":"product","link":"https:\/\/www.drespredeti.com\/de\/damske-dresy-arsenal-piero-hincapie-5-2025-26-prec\/","title":{"rendered":"Damen-Drafts Arsenal Piero Hincapie #5 2025-26 Ausw\u00e4rts"},"content":{"rendered":"<h2>Damen-Dress Arsenal Piero Hincapie #5 2025-26 Vor-Nein \u2013 Stilvolle Gastgegebene Ausf\u00fchrung<\/h2>\n<p>Gastversion Arsenal f\u00fcr die Saison 2025\/26 bietet ein frisches Farbschema und moderne Grafikelemente, die die Dynamik des Teams hervorheben. Dieses Modell ist f\u00fcr Fans konzipiert, die Sportstil mit bequemen Alltagswear verbinden m\u00f6chten.<\/p>\n<p>Schnitt angepasst an die weibliche Figur, was eine nat\u00fcrliche Formgebung und Bewegungskomfort gew\u00e4hrleistet. Leichtes technisches Material unterst\u00fctzt die Luftzirkulation und leitet Feuchtigkeit schnell ab, sodass das Trikot auch bei intensiver Aktivit\u00e4t angenehm bleibt.<\/p>\n<h3>Hauptvorteile<\/h3>\n<ul>\n<li>Gastmodells Arsenal 2025\/26<\/li>\n<li>Damen-Schnitt, der Komfort betont<\/li>\n<li>Kurzarm f\u00fcr bessere Bel\u00fcftung<\/li>\n<li>Atmungsaktives und schnelltrocknendes Gewebe<\/li>\n<li>Hochwertiger und langlebiger Druck<\/li>\n<\/ul>\n<h3>Technische Spezifikationen<\/h3>\n<ul>\n<li>Kategorie: Damen-Fu\u00dfballtrikot \u2013 Vor\u00fcber<\/li>\n<li>Verein: Arsenal<\/li>\n<li>Saison: 2025\/26<\/li>\n<li>Material: 100 % Funktions-Polyester<\/li>\n<li>\u00c4rmel: Kurzarm<\/li>\n<li>Gr\u00f6\u00dfen: XS \u2013 XL<\/li>\n<\/ul>\n<h3>Pflegehinweise<\/h3>\n<ul>\n<li>Von links nach rechts bei bis zu 30 \u00b0C waschen<\/li>\n<li>Nicht im Trockner trocknen<\/li>\n<li>Nicht direkt \u00fcber dem Druck b\u00fcgeln<\/li>\n<li>Keine aggressiven Waschmittel verwenden<\/li>\n<\/ul>\n<p>Damen-Dres Arsenal Piero Hincapie #5 2025-26 Vor-Nein sind die ideale Wahl f\u00fcr Fans, die ihr Team modern unterst\u00fctzen m\u00f6chten und gleichzeitig maximalen Komfort w\u00e4hrend der gesamten Saison genie\u00dfen wollen.<\/p>","protected":false},"excerpt":{"rendered":"<p>Damen-Trikots Arsenal William Saliba #2 2025-26 Ausw\u00e4rts \u2013 Stilvolles Ausw\u00e4rts-Design Ausw\u00e4rtsvariante Arsenal f\u00fcr die Saison 2025\/26 bietet ein frisches Farbkonzept und moderne grafische Elemente, die die Dynamik des Teams betonen. Dieses Modell ist f\u00fcr Fans entworfen, die sportlichen Stil mit bequemer Alltagswear verbinden m\u00f6chten. Der Schnitt ist an den weiblichen K\u00f6rper angepasst und sorgt so f\u00fcr nat\u00fcrliche Formgebung und \u2026<\/p>","protected":false},"featured_media":11501,"comment_status":"open","ping_status":"closed","template":"","meta":{"site-sidebar-layout":"default","site-content-layout":"","ast-site-content-layout":"default","site-content-style":"default","site-sidebar-style":"default","ast-global-header-display":"","ast-banner-title-visibility":"","ast-main-header-display":"","ast-hfb-above-header-display":"","ast-hfb-below-header-display":"","ast-hfb-mobile-header-display":"","site-post-title":"","ast-breadcrumbs-content":"","ast-featured-img":"","footer-sml-layout":"","theme-transparent-header-meta":"default","adv-header-id-meta":"","stick-header-meta":"","header-above-stick-meta":"","header-main-stick-meta":"","header-below-stick-meta":"","astra-migrate-meta-layouts":"set","ast-page-background-enabled":"default","ast-page-background-meta":{"desktop":{"background-color":"var(--ast-global-color-4)","background-image":"","background-repeat":"repeat","background-position":"center center","background-size":"auto","background-attachment":"scroll","background-type":"","background-media":"","overlay-type":"","overlay-color":"","overlay-opacity":"","overlay-gradient":""},"tablet":{"background-color":"","background-image":"","background-repeat":"repeat","background-position":"center center","background-size":"auto","background-attachment":"scroll","background-type":"","background-media":"","overlay-type":"","overlay-color":"","overlay-opacity":"","overlay-gradient":""},"mobile":{"background-color":"","background-image":"","background-repeat":"repeat","background-position":"center center","background-size":"auto","background-attachment":"scroll","background-type":"","background-media":"","overlay-type":"","overlay-color":"","overlay-opacity":"","overlay-gradient":""}},"ast-content-background-meta":{"desktop":{"background-color":"var(--ast-global-color-5)","background-image":"","background-repeat":"repeat","background-position":"center center","background-size":"auto","background-attachment":"scroll","background-type":"","background-media":"","overlay-type":"","overlay-color":"","overlay-opacity":"","overlay-gradient":""},"tablet":{"background-color":"var(--ast-global-color-5)","background-image":"","background-repeat":"repeat","background-position":"center center","background-size":"auto","background-attachment":"scroll","background-type":"","background-media":"","overlay-type":"","overlay-color":"","overlay-opacity":"","overlay-gradient":""},"mobile":{"background-color":"var(--ast-global-color-5)","background-image":"","background-repeat":"repeat","background-position":"center center","background-size":"auto","background-attachment":"scroll","background-type":"","background-media":"","overlay-type":"","overlay-color":"","overlay-opacity":"","overlay-gradient":""}}},"product_brand":[],"product_cat":[115],"product_tag":[675,677,674,678,679,676,486,208],"class_list":{"0":"post-11499","1":"product","2":"type-product","3":"status-publish","4":"has-post-thumbnail","6":"product_cat-zeny-dres-arsenal","7":"product_tag-arsenal-dres-damsky","8":"product_tag-damske-dres-arsenal","9":"product_tag-damske-dresy-arsenal-2025-26","10":"product_tag-damske-futbalovy-dres-arsenal","11":"product_tag-damsky-sportovy-dres-arsenal","12":"product_tag-futbalovy-dres-arsenal","13":"product_tag-futbalovy-dres-s-menom","14":"product_tag-piero-hincapie-dres","15":"desktop-align-left","16":"tablet-align-left","17":"mobile-align-left","19":"first","20":"instock","21":"shipping-taxable","22":"purchasable","23":"product-type-variable"},"_links":{"self":[{"href":"https:\/\/www.drespredeti.com\/de\/wp-json\/wp\/v2\/product\/11499","targetHints":{"allow":["GET"]}}],"collection":[{"href":"https:\/\/www.drespredeti.com\/de\/wp-json\/wp\/v2\/product"}],"about":[{"href":"https:\/\/www.drespredeti.com\/de\/wp-json\/wp\/v2\/types\/product"}],"replies":[{"embeddable":true,"href":"https:\/\/www.drespredeti.com\/de\/wp-json\/wp\/v2\/comments?post=11499"}],"wp:featuredmedia":[{"embeddable":true,"href":"https:\/\/www.drespredeti.com\/de\/wp-json\/wp\/v2\/media\/11501"}],"wp:attachment":[{"href":"https:\/\/www.drespredeti.com\/de\/wp-json\/wp\/v2\/media?parent=11499"}],"wp:term":[{"taxonomy":"product_brand","embeddable":true,"href":"https:\/\/www.drespredeti.com\/de\/wp-json\/wp\/v2\/product_brand?post=11499"},{"taxonomy":"product_cat","embeddable":true,"href":"https:\/\/www.drespredeti.com\/de\/wp-json\/wp\/v2\/product_cat?post=11499"},{"taxonomy":"product_tag","embeddable":true,"href":"https:\/\/www.drespredeti.com\/de\/wp-json\/wp\/v2\/product_tag?post=11499"}],"curies":[{"name":"wp","href":"https:\/\/api.w.org\/{rel}","templated":true}]}}