{"id":8,"date":"2025-11-14T07:19:43","date_gmt":"2025-11-14T06:19:43","guid":{"rendered":"http:\/\/futbalovedresysk.com\/kosik\/"},"modified":"2025-11-14T07:33:07","modified_gmt":"2025-11-14T06:33:07","slug":"kosik","status":"publish","type":"page","link":"https:\/\/www.drespredeti.com\/de\/kosik\/","title":{"rendered":"Warenkorb"},"content":{"rendered":"<div data-block-name=\"woocommerce\/cart\" class=\"wp-block-woocommerce-cart alignwide is-loading\">\n<div data-block-name=\"woocommerce\/filled-cart-block\" class=\"wp-block-woocommerce-filled-cart-block\">\n<div data-block-name=\"woocommerce\/cart-items-block\" class=\"wp-block-woocommerce-cart-items-block\">\n<div data-block-name=\"woocommerce\/cart-line-items-block\" class=\"wp-block-woocommerce-cart-line-items-block\"><\/div>\n\n\n<\/div>\n\n\n\n\n<div data-block-name=\"woocommerce\/cart-totals-block\" class=\"wp-block-woocommerce-cart-totals-block\">\n<div data-block-name=\"woocommerce\/cart-order-summary-block\" class=\"wp-block-woocommerce-cart-order-summary-block\">\n<div data-block-name=\"woocommerce\/cart-order-summary-heading-block\" class=\"wp-block-woocommerce-cart-order-summary-heading-block\"><\/div><div data-block-name=\"woocommerce\/cart-order-summary-coupon-form-block\" class=\"wp-block-woocommerce-cart-order-summary-coupon-form-block\"><\/div><div data-block-name=\"woocommerce\/cart-order-summary-totals-block\" class=\"wp-block-woocommerce-cart-order-summary-totals-block\">\n<div data-block-name=\"woocommerce\/cart-order-summary-subtotal-block\" class=\"wp-block-woocommerce-cart-order-summary-subtotal-block\"><\/div>\n<div data-block-name=\"woocommerce\/cart-order-summary-discount-block\" class=\"wp-block-woocommerce-cart-order-summary-discount-block\"><\/div>\n<div data-block-name=\"woocommerce\/cart-order-summary-fee-block\" class=\"wp-block-woocommerce-cart-order-summary-fee-block\"><\/div>\n<div data-block-name=\"woocommerce\/cart-order-summary-shipping-block\" class=\"wp-block-woocommerce-cart-order-summary-shipping-block\"><\/div>\n<div data-block-name=\"woocommerce\/cart-order-summary-taxes-block\" class=\"wp-block-woocommerce-cart-order-summary-taxes-block\"><\/div><\/div>\n<\/div>\n\n\n\n<div data-block-name=\"woocommerce\/cart-express-payment-block\" class=\"wp-block-woocommerce-cart-express-payment-block\"><\/div>\n\n\n\n<div data-block-name=\"woocommerce\/proceed-to-checkout-block\" class=\"wp-block-woocommerce-proceed-to-checkout-block\"><\/div>\n\n\n\n<div data-block-name=\"woocommerce\/cart-accepted-payment-methods-block\" class=\"wp-block-woocommerce-cart-accepted-payment-methods-block\"><\/div>\n<\/div>\n<\/div>\n\n\n\n<div data-block-name=\"woocommerce\/empty-cart-block\" class=\"wp-block-woocommerce-empty-cart-block\">\n<h2 class=\"wp-block-heading has-text-align-center with-empty-cart-icon wc-block-cart__empty-cart__title\">Ihr Warenkorb ist momentan leer!<\/h2>\n\n\n\n<hr class=\"wp-block-separator has-alpha-channel-opacity is-style-dots\"\/>\n\n\n\n<h2 class=\"wp-block-heading has-text-align-center\">Neuheiten im Gesch\u00e4ft<\/h2>\n\n\n<div data-block-name=\"woocommerce\/product-new\" data-columns=\"4\" data-rows=\"1\" class=\"wc-block-grid wp-block-product-new wp-block-woocommerce-product-new wc-block-product-new has-4-columns\"><ul class=\"wc-block-grid__products\"><li class=\"wc-block-grid__product\">\n\t\t\t\t<a href=\"https:\/\/www.drespredeti.com\/de\/pansky-futbalovy-dres-manchester-united-2025-26-vonkajsi-patrick-dorgu-13-kratky-rukav\/\" class=\"wc-block-grid__product-link\">\n\t\t\t\t\t\n\t\t\t\t\t<div class=\"wc-block-grid__product-image\"><img fetchpriority=\"high\" decoding=\"async\" width=\"300\" height=\"300\" src=\"https:\/\/www.drespredeti.com\/wp-content\/uploads\/Pansky-Futbalovy-dresy-Manchester-United-2025-26-Vonkajsi-Patrick-Dorgu-13-Kratky-Rukav-300x300.jpg\" class=\"attachment-woocommerce_thumbnail size-woocommerce_thumbnail\" alt=\"Herren-Fu\u00dfballtrikot Manchester United 2025\/26 Ausw\u00e4rts Patrick Dorgu #13 Kurzarm\" srcset=\"https:\/\/www.drespredeti.com\/wp-content\/uploads\/Pansky-Futbalovy-dresy-Manchester-United-2025-26-Vonkajsi-Patrick-Dorgu-13-Kratky-Rukav-300x300.jpg 300w, https:\/\/www.drespredeti.com\/wp-content\/uploads\/Pansky-Futbalovy-dresy-Manchester-United-2025-26-Vonkajsi-Patrick-Dorgu-13-Kratky-Rukav-100x100.jpg 100w\" sizes=\"(max-width: 300px) 100vw, 300px\" title=\"\"><\/div>\n\t\t\t\t\t<div class=\"wc-block-grid__product-title\">Herren-Fu\u00dfballtrikot Manchester United 2025\/26 Ausw\u00e4rts Patrick Dorgu #13 Kurzarm<\/div>\n\t\t\t\t<\/a>\n\t\t\t\t<div class=\"wc-block-grid__product-price price\"><span class=\"wcpbc-price wcpbc-price-15096\" data-product-id=\"15096\"><span class=\"woocommerce-Price-amount amount\">36.69&nbsp;<span class=\"woocommerce-Price-currencySymbol\">\u20ac<\/span><\/span><\/span><\/div>\n\t\t\t\t\n\t\t\t\t<div class=\"wp-block-button wc-block-grid__product-add-to-cart\"><a href=\"https:\/\/www.drespredeti.com\/de\/pansky-futbalovy-dres-manchester-united-2025-26-vonkajsi-patrick-dorgu-13-kratky-rukav\/\" aria-label=\"W\u00e4hlen Sie Optionen f\u00fcr \u201eP\u00e1nsky Futbalov\u00fd dres Manchester United 2025\/26 Vonkaj\u0161\u00ed Patrick Dorgu #13 Kr\u00e1tky Ruk\u00e1v\u201c\" data-quantity=\"1\" data-product_id=\"15096\" data-product_sku=\"\" data-price=\"36.69\" rel=\"nofollow\" class=\"wp-block-button__link  add_to_cart_button\" data-no-translation=\"\" data-trp-gettext=\"\" data-no-translation-aria-label=\"\">Optionen ausw\u00e4hlen<\/a><\/div>\n\t\t\t<\/li><li class=\"wc-block-grid__product\">\n\t\t\t\t<a href=\"https:\/\/www.drespredeti.com\/de\/pansky-futbalovy-dres-manchester-united-2025-26-vonkajsi-matthijs-de-ligt-4-kratky-rukav\/\" class=\"wc-block-grid__product-link\">\n\t\t\t\t\t\n\t\t\t\t\t<div class=\"wc-block-grid__product-image\"><img decoding=\"async\" width=\"300\" height=\"300\" src=\"https:\/\/www.drespredeti.com\/wp-content\/uploads\/Pansky-Futbalovy-dresy-Manchester-United-2025-26-Vonkajsi-Matthijs-de-Ligt-4-Kratky-Rukav-300x300.jpg\" class=\"attachment-woocommerce_thumbnail size-woocommerce_thumbnail\" alt=\"Herren-Fu\u00dfballtrikot Manchester United 2025\/26 Au\u00dfenseiter Matthijs de Ligt #4 Kurze \u00c4rmel\" srcset=\"https:\/\/www.drespredeti.com\/wp-content\/uploads\/Pansky-Futbalovy-dresy-Manchester-United-2025-26-Vonkajsi-Matthijs-de-Ligt-4-Kratky-Rukav-300x300.jpg 300w, https:\/\/www.drespredeti.com\/wp-content\/uploads\/Pansky-Futbalovy-dresy-Manchester-United-2025-26-Vonkajsi-Matthijs-de-Ligt-4-Kratky-Rukav-100x100.jpg 100w\" sizes=\"(max-width: 300px) 100vw, 300px\" title=\"\"><\/div>\n\t\t\t\t\t<div class=\"wc-block-grid__product-title\">Herren-Fu\u00dfballtrikot Manchester United 2025\/26 Au\u00dfenseiter Matthijs de Ligt #4 Kurze \u00c4rmel<\/div>\n\t\t\t\t<\/a>\n\t\t\t\t<div class=\"wc-block-grid__product-price price\"><span class=\"wcpbc-price wcpbc-price-15094\" data-product-id=\"15094\"><span class=\"woocommerce-Price-amount amount\">36.69&nbsp;<span class=\"woocommerce-Price-currencySymbol\">\u20ac<\/span><\/span><\/span><\/div>\n\t\t\t\t\n\t\t\t\t<div class=\"wp-block-button wc-block-grid__product-add-to-cart\"><a href=\"https:\/\/www.drespredeti.com\/de\/pansky-futbalovy-dres-manchester-united-2025-26-vonkajsi-matthijs-de-ligt-4-kratky-rukav\/\" aria-label=\"W\u00e4hlen Sie Optionen f\u00fcr \u201eP\u00e1nsky Futbalov\u00fd dres Manchester United 2025\/26 Vonkaj\u0161\u00ed Matthijs de Ligt #4 Kr\u00e1tky Ruk\u00e1v\u201c\" data-quantity=\"1\" data-product_id=\"15094\" data-product_sku=\"\" data-price=\"36.69\" rel=\"nofollow\" class=\"wp-block-button__link  add_to_cart_button\" data-no-translation=\"\" data-trp-gettext=\"\" data-no-translation-aria-label=\"\">Optionen ausw\u00e4hlen<\/a><\/div>\n\t\t\t<\/li><li class=\"wc-block-grid__product\">\n\t\t\t\t<a href=\"https:\/\/www.drespredeti.com\/de\/pansky-futbalovy-dres-manchester-united-2025-26-vonkajsi-matheus-cunha-10-kratky-rukav\/\" class=\"wc-block-grid__product-link\">\n\t\t\t\t\t\n\t\t\t\t\t<div class=\"wc-block-grid__product-image\"><img decoding=\"async\" width=\"300\" height=\"300\" src=\"https:\/\/www.drespredeti.com\/wp-content\/uploads\/Pansky-Futbalovy-dresy-Manchester-United-2025-26-Vonkajsi-Matheus-Cunha-10-Kratky-Rukav-300x300.jpg\" class=\"attachment-woocommerce_thumbnail size-woocommerce_thumbnail\" alt=\"Herren-Fu\u00dfballtrikot Manchester United 2025\/26 Au\u00dfencut Matheus Cunha #10 Kurze \u00c4rmel\" srcset=\"https:\/\/www.drespredeti.com\/wp-content\/uploads\/Pansky-Futbalovy-dresy-Manchester-United-2025-26-Vonkajsi-Matheus-Cunha-10-Kratky-Rukav-300x300.jpg 300w, https:\/\/www.drespredeti.com\/wp-content\/uploads\/Pansky-Futbalovy-dresy-Manchester-United-2025-26-Vonkajsi-Matheus-Cunha-10-Kratky-Rukav-100x100.jpg 100w\" sizes=\"(max-width: 300px) 100vw, 300px\" title=\"\"><\/div>\n\t\t\t\t\t<div class=\"wc-block-grid__product-title\">Herren-Fu\u00dfballtrikot Manchester United 2025\/26 Au\u00dfencut Matheus Cunha #10 Kurze \u00c4rmel<\/div>\n\t\t\t\t<\/a>\n\t\t\t\t<div class=\"wc-block-grid__product-price price\"><span class=\"wcpbc-price wcpbc-price-15092\" data-product-id=\"15092\"><span class=\"woocommerce-Price-amount amount\">36.69&nbsp;<span class=\"woocommerce-Price-currencySymbol\">\u20ac<\/span><\/span><\/span><\/div>\n\t\t\t\t\n\t\t\t\t<div class=\"wp-block-button wc-block-grid__product-add-to-cart\"><a href=\"https:\/\/www.drespredeti.com\/de\/pansky-futbalovy-dres-manchester-united-2025-26-vonkajsi-matheus-cunha-10-kratky-rukav\/\" aria-label=\"W\u00e4hlen Sie Optionen f\u00fcr \u201eP\u00e1nsky Futbalov\u00fd dres Manchester United 2025\/26 Vonkaj\u0161\u00ed Matheus Cunha #10 Kr\u00e1tky Ruk\u00e1v\u201c\" data-quantity=\"1\" data-product_id=\"15092\" data-product_sku=\"\" data-price=\"36.69\" rel=\"nofollow\" class=\"wp-block-button__link  add_to_cart_button\" data-no-translation=\"\" data-trp-gettext=\"\" data-no-translation-aria-label=\"\">Optionen ausw\u00e4hlen<\/a><\/div>\n\t\t\t<\/li><li class=\"wc-block-grid__product\">\n\t\t\t\t<a href=\"https:\/\/www.drespredeti.com\/de\/pansky-futbalovy-dres-manchester-united-2025-26-vonkajsi-mason-mount-7-kratky-rukav\/\" class=\"wc-block-grid__product-link\">\n\t\t\t\t\t\n\t\t\t\t\t<div class=\"wc-block-grid__product-image\"><img loading=\"lazy\" decoding=\"async\" width=\"300\" height=\"300\" src=\"https:\/\/www.drespredeti.com\/wp-content\/uploads\/Pansky-Futbalovy-dresy-Manchester-United-2025-26-Vonkajsi-Mason-Mount-7-Kratky-Rukav-300x300.jpg\" class=\"attachment-woocommerce_thumbnail size-woocommerce_thumbnail\" alt=\"Herren-Fu\u00dfballtrikot Manchester United 2025\/26 Ausw\u00e4rts Mason Mount #7 Kurzarm\" srcset=\"https:\/\/www.drespredeti.com\/wp-content\/uploads\/Pansky-Futbalovy-dresy-Manchester-United-2025-26-Vonkajsi-Mason-Mount-7-Kratky-Rukav-300x300.jpg 300w, https:\/\/www.drespredeti.com\/wp-content\/uploads\/Pansky-Futbalovy-dresy-Manchester-United-2025-26-Vonkajsi-Mason-Mount-7-Kratky-Rukav-100x100.jpg 100w\" sizes=\"(max-width: 300px) 100vw, 300px\" title=\"\"><\/div>\n\t\t\t\t\t<div class=\"wc-block-grid__product-title\">Herren-Fu\u00dfballtrikot Manchester United 2025\/26 Ausw\u00e4rts Mason Mount #7 Kurzarm<\/div>\n\t\t\t\t<\/a>\n\t\t\t\t<div class=\"wc-block-grid__product-price price\"><span class=\"wcpbc-price wcpbc-price-15090\" data-product-id=\"15090\"><span class=\"woocommerce-Price-amount amount\">36.69&nbsp;<span class=\"woocommerce-Price-currencySymbol\">\u20ac<\/span><\/span><\/span><\/div>\n\t\t\t\t\n\t\t\t\t<div class=\"wp-block-button wc-block-grid__product-add-to-cart\"><a href=\"https:\/\/www.drespredeti.com\/de\/pansky-futbalovy-dres-manchester-united-2025-26-vonkajsi-mason-mount-7-kratky-rukav\/\" aria-label=\"W\u00e4hlen Sie Optionen f\u00fcr \u201eP\u00e1nsky Futbalov\u00fd dres Manchester United 2025\/26 Vonkaj\u0161\u00ed Mason Mount #7 Kr\u00e1tky Ruk\u00e1v\u201c\" data-quantity=\"1\" data-product_id=\"15090\" data-product_sku=\"\" data-price=\"36.69\" rel=\"nofollow\" class=\"wp-block-button__link  add_to_cart_button\" data-no-translation=\"\" data-trp-gettext=\"\" data-no-translation-aria-label=\"\">Optionen ausw\u00e4hlen<\/a><\/div>\n\t\t\t<\/li><\/ul><\/div><\/div>\n<\/div>","protected":false},"excerpt":{"rendered":"","protected":false},"author":1,"featured_media":0,"parent":0,"menu_order":0,"comment_status":"closed","ping_status":"closed","template":"","meta":{"site-sidebar-layout":"default","site-content-layout":"","ast-site-content-layout":"default","site-content-style":"default","site-sidebar-style":"default","ast-global-header-display":"","ast-banner-title-visibility":"","ast-main-header-display":"","ast-hfb-above-header-display":"","ast-hfb-below-header-display":"","ast-hfb-mobile-header-display":"","site-post-title":"","ast-breadcrumbs-content":"","ast-featured-img":"","footer-sml-layout":"","theme-transparent-header-meta":"","adv-header-id-meta":"","stick-header-meta":"","header-above-stick-meta":"","header-main-stick-meta":"","header-below-stick-meta":"","astra-migrate-meta-layouts":"default","ast-page-background-enabled":"default","ast-page-background-meta":{"desktop":{"background-color":"var(--ast-global-color-4)","background-image":"","background-repeat":"repeat","background-position":"center center","background-size":"auto","background-attachment":"scroll","background-type":"","background-media":"","overlay-type":"","overlay-color":"","overlay-opacity":"","overlay-gradient":""},"tablet":{"background-color":"","background-image":"","background-repeat":"repeat","background-position":"center center","background-size":"auto","background-attachment":"scroll","background-type":"","background-media":"","overlay-type":"","overlay-color":"","overlay-opacity":"","overlay-gradient":""},"mobile":{"background-color":"","background-image":"","background-repeat":"repeat","background-position":"center center","background-size":"auto","background-attachment":"scroll","background-type":"","background-media":"","overlay-type":"","overlay-color":"","overlay-opacity":"","overlay-gradient":""}},"ast-content-background-meta":{"desktop":{"background-color":"var(--ast-global-color-5)","background-image":"","background-repeat":"repeat","background-position":"center center","background-size":"auto","background-attachment":"scroll","background-type":"","background-media":"","overlay-type":"","overlay-color":"","overlay-opacity":"","overlay-gradient":""},"tablet":{"background-color":"var(--ast-global-color-5)","background-image":"","background-repeat":"repeat","background-position":"center center","background-size":"auto","background-attachment":"scroll","background-type":"","background-media":"","overlay-type":"","overlay-color":"","overlay-opacity":"","overlay-gradient":""},"mobile":{"background-color":"var(--ast-global-color-5)","background-image":"","background-repeat":"repeat","background-position":"center center","background-size":"auto","background-attachment":"scroll","background-type":"","background-media":"","overlay-type":"","overlay-color":"","overlay-opacity":"","overlay-gradient":""}},"footnotes":""},"class_list":["post-8","page","type-page","status-publish","hentry"],"_links":{"self":[{"href":"https:\/\/www.drespredeti.com\/de\/wp-json\/wp\/v2\/pages\/8","targetHints":{"allow":["GET"]}}],"collection":[{"href":"https:\/\/www.drespredeti.com\/de\/wp-json\/wp\/v2\/pages"}],"about":[{"href":"https:\/\/www.drespredeti.com\/de\/wp-json\/wp\/v2\/types\/page"}],"author":[{"embeddable":true,"href":"https:\/\/www.drespredeti.com\/de\/wp-json\/wp\/v2\/users\/1"}],"replies":[{"embeddable":true,"href":"https:\/\/www.drespredeti.com\/de\/wp-json\/wp\/v2\/comments?post=8"}],"version-history":[{"count":1,"href":"https:\/\/www.drespredeti.com\/de\/wp-json\/wp\/v2\/pages\/8\/revisions"}],"predecessor-version":[{"id":40,"href":"https:\/\/www.drespredeti.com\/de\/wp-json\/wp\/v2\/pages\/8\/revisions\/40"}],"wp:attachment":[{"href":"https:\/\/www.drespredeti.com\/de\/wp-json\/wp\/v2\/media?parent=8"}],"curies":[{"name":"wp","href":"https:\/\/api.w.org\/{rel}","templated":true}]}}