{"id":12276,"date":"2025-12-25T12:26:15","date_gmt":"2025-12-25T11:26:15","guid":{"rendered":"https:\/\/www.futbalovedresysk.com\/?page_id=12276"},"modified":"2025-12-25T13:58:02","modified_gmt":"2025-12-25T12:58:02","slug":"elementor-%e9%a1%b5%e9%9d%a2-12276","status":"publish","type":"page","link":"https:\/\/www.drespredeti.com\/de\/elementor-%e9%a1%b5%e9%9d%a2-12276\/","title":{"rendered":"Elementor Seite #12276"},"content":{"rendered":"<div data-elementor-type=\"wp-page\" data-elementor-id=\"12276\" class=\"elementor elementor-12276\" data-elementor-post-type=\"page\">\n\t\t\t\t<div class=\"elementor-element elementor-element-0b50ecc e-flex e-con-boxed e-con e-parent\" data-id=\"0b50ecc\" data-element_type=\"container\">\n\t\t\t\t\t<div class=\"e-con-inner\">\n\t\t\t\t<div class=\"elementor-element elementor-element-879d2c7 elementor-widget elementor-widget-heading\" data-id=\"879d2c7\" data-element_type=\"widget\" data-widget_type=\"heading.default\">\n\t\t\t\t<div class=\"elementor-widget-container\">\n\t\t\t\t\t<h2 class=\"elementor-heading-title elementor-size-default\">H\u00e4ufig gestellte Fragen<\/h2>\t\t\t\t<\/div>\n\t\t\t\t<\/div>\n\t\t\t\t\t<\/div>\n\t\t\t\t<\/div>\n\t\t<div class=\"elementor-element elementor-element-662a31b e-flex e-con-boxed e-con e-parent\" data-id=\"662a31b\" data-element_type=\"container\">\n\t\t\t\t\t<div class=\"e-con-inner\">\n\t\t\t\t<div class=\"elementor-element elementor-element-0a08631 elementor-widget elementor-widget-text-editor\" data-id=\"0a08631\" data-element_type=\"widget\" data-widget_type=\"text-editor.default\">\n\t\t\t\t<div class=\"elementor-widget-container\">\n\t\t\t\t\t\t\t\t\t<p>Haben Sie Fragen? Wir haben die Antworten\u2026<\/p>\t\t\t\t\t\t\t\t<\/div>\n\t\t\t\t<\/div>\n\t\t\t\t\t<\/div>\n\t\t\t\t<\/div>\n\t\t<div class=\"elementor-element elementor-element-69b6295 e-flex e-con-boxed e-con e-parent\" data-id=\"69b6295\" data-element_type=\"container\">\n\t\t\t\t\t<div class=\"e-con-inner\">\n\t\t\t\t<div class=\"elementor-element elementor-element-3f95a28 elementor-widget elementor-widget-n-accordion\" data-id=\"3f95a28\" data-element_type=\"widget\" data-settings=\"{&quot;default_state&quot;:&quot;expanded&quot;,&quot;max_items_expended&quot;:&quot;one&quot;,&quot;n_accordion_animation_duration&quot;:{&quot;unit&quot;:&quot;ms&quot;,&quot;size&quot;:400,&quot;sizes&quot;:[]}}\" data-widget_type=\"nested-accordion.default\">\n\t\t\t\t<div class=\"elementor-widget-container\">\n\t\t\t\t\t\t\t<div class=\"e-n-accordion\" aria-label=\"Akkordeon. \u00d6ffnen Sie Links mit Enter oder Leertaste, schlie\u00dfen Sie mit Escape, und navigieren Sie mit Pfeiltasten\">\n\t\t\t\t\t\t<details id=\"e-n-accordion-item-6660\" class=\"e-n-accordion-item\" open>\n\t\t\t\t<summary class=\"e-n-accordion-item-title\" data-accordion-index=\"1\" tabindex=\"0\" aria-expanded=\"true\" aria-controls=\"e-n-accordion-item-6660\" >\n\t\t\t\t\t<span class='e-n-accordion-item-title-header'><div class=\"e-n-accordion-item-title-text\"> Wann erhalte ich meine Bestellung, wenn ich heute bestelle? <\/div><\/span>\n\t\t\t\t\t\t\t<span class='e-n-accordion-item-title-icon'>\n\t\t\t<span class='e-opened' ><i aria-hidden=\"true\" class=\"fas fa-minus\"><\/i><\/span>\n\t\t\t<span class='e-closed'><i aria-hidden=\"true\" class=\"fas fa-plus\"><\/i><\/span>\n\t\t<\/span>\n\n\t\t\t\t\t\t<\/summary>\n\t\t\t\t<div role=\"region\" aria-labelledby=\"e-n-accordion-item-6660\" class=\"elementor-element elementor-element-a56a775 e-con-full e-flex e-con e-child\" data-id=\"a56a775\" data-element_type=\"container\">\n\t\t\t\t<div class=\"elementor-element elementor-element-3816879 elementor-widget elementor-widget-text-editor\" data-id=\"3816879\" data-element_type=\"widget\" data-widget_type=\"text-editor.default\">\n\t\t\t\t<div class=\"elementor-widget-container\">\n\t\t\t\t\t\t\t\t\t<p>Lieferzeiten k\u00f6nnen je nach bestellten Artikeln, Verf\u00fcgbarkeit der Ware auf Lager, Anpassungsm\u00f6glichkeiten und Lieferort variieren.<br \/>Wir bem\u00fchen uns, Bestellungen innerhalb von 7\u201312 Werktagen zu liefern, wobei 75 % der Bestellungen innerhalb von 8 Werktagen ankommen.<\/p><p>\ud83c\uddea\ud83c\uddfa Europ\u00e4ische L\u00e4nder<br \/>Bis zu 7\u201312 Werktagen<br \/>\ud83c\udf0d Weltweit<br \/>Bis zu 15 Werktagen<br \/>Werktage schlie\u00dfen Wochenenden und gesetzliche Feiertage aus. Die Lieferzeiten sind Sch\u00e4tzungen und nicht garantiert.<\/p>\t\t\t\t\t\t\t\t<\/div>\n\t\t\t\t<\/div>\n\t\t\t\t<\/div>\n\t\t\t\t\t<\/details>\n\t\t\t\t\t\t<details id=\"e-n-accordion-item-6661\" class=\"e-n-accordion-item\" >\n\t\t\t\t<summary class=\"e-n-accordion-item-title\" data-accordion-index=\"2\" tabindex=\"-1\" aria-expanded=\"false\" aria-controls=\"e-n-accordion-item-6661\" >\n\t\t\t\t\t<span class='e-n-accordion-item-title-header'><div class=\"e-n-accordion-item-title-text\"> Wie kann ich meine Bestellung verfolgen und warum gibt es m\u00f6glicherweise keine Aktualisierungen? <\/div><\/span>\n\t\t\t\t\t\t\t<span class='e-n-accordion-item-title-icon'>\n\t\t\t<span class='e-opened' ><i aria-hidden=\"true\" class=\"fas fa-minus\"><\/i><\/span>\n\t\t\t<span class='e-closed'><i aria-hidden=\"true\" class=\"fas fa-plus\"><\/i><\/span>\n\t\t<\/span>\n\n\t\t\t\t\t\t<\/summary>\n\t\t\t\t<div role=\"region\" aria-labelledby=\"e-n-accordion-item-6661\" class=\"elementor-element elementor-element-2a1aacc e-con-full e-flex e-con e-child\" data-id=\"2a1aacc\" data-element_type=\"container\">\n\t\t\t\t<div class=\"elementor-element elementor-element-d8da4c1 elementor-widget elementor-widget-text-editor\" data-id=\"d8da4c1\" data-element_type=\"widget\" data-widget_type=\"text-editor.default\">\n\t\t\t\t<div class=\"elementor-widget-container\">\n\t\t\t\t\t\t\t\t\t<p>Nach Versand Ihrer Bestellung erhalten Sie eine E-Mail mit der Sendungsnummer und den Angaben zum Versanddienstleister.<br \/>Wichtig: Die Sendungsnummern werden in den Systemen der Versanddienstleister sofort angezeigt, aber die Lieferaktualisierungen k\u00f6nnen sp\u00e4ter erfolgen. Ihr Paket wird dennoch innerhalb des zugesagten Zeitrahmens (7\u201312 Werktage) ankommen.<br \/>Verfolgung Ihrer Bestellung:<br \/><a href=\"https:\/\/www.17track.net\/\" rel=\"nofollow noopener\" target=\"_blank\">17Track.net<\/a> (unterst\u00fctzt die meisten Kurierdienste weltweit)<\/p>\t\t\t\t\t\t\t\t<\/div>\n\t\t\t\t<\/div>\n\t\t\t\t<\/div>\n\t\t\t\t\t<\/details>\n\t\t\t\t\t\t<details id=\"e-n-accordion-item-6662\" class=\"e-n-accordion-item\" >\n\t\t\t\t<summary class=\"e-n-accordion-item-title\" data-accordion-index=\"3\" tabindex=\"-1\" aria-expanded=\"false\" aria-controls=\"e-n-accordion-item-6662\" >\n\t\t\t\t\t<span class='e-n-accordion-item-title-header'><div class=\"e-n-accordion-item-title-text\"> Bieten Sie Expresslieferung an? <\/div><\/span>\n\t\t\t\t\t\t\t<span class='e-n-accordion-item-title-icon'>\n\t\t\t<span class='e-opened' ><i aria-hidden=\"true\" class=\"fas fa-minus\"><\/i><\/span>\n\t\t\t<span class='e-closed'><i aria-hidden=\"true\" class=\"fas fa-plus\"><\/i><\/span>\n\t\t<\/span>\n\n\t\t\t\t\t\t<\/summary>\n\t\t\t\t<div role=\"region\" aria-labelledby=\"e-n-accordion-item-6662\" class=\"elementor-element elementor-element-3105a37 e-con-full e-flex e-con e-child\" data-id=\"3105a37\" data-element_type=\"container\">\n\t\t\t\t<div class=\"elementor-element elementor-element-b871fb6 elementor-widget elementor-widget-text-editor\" data-id=\"b871fb6\" data-element_type=\"widget\" data-widget_type=\"text-editor.default\">\n\t\t\t\t<div class=\"elementor-widget-container\">\n\t\t\t\t\t\t\t\t\t<p>Schnell- oder Priorit\u00e4tslieferoptionen sind derzeit leider nicht verf\u00fcgbar. Alle Bestellungen werden innerhalb der Standardlieferzeiten bearbeitet.<\/p>\t\t\t\t\t\t\t\t<\/div>\n\t\t\t\t<\/div>\n\t\t\t\t<\/div>\n\t\t\t\t\t<\/details>\n\t\t\t\t\t\t<details id=\"e-n-accordion-item-6663\" class=\"e-n-accordion-item\" >\n\t\t\t\t<summary class=\"e-n-accordion-item-title\" data-accordion-index=\"4\" tabindex=\"-1\" aria-expanded=\"false\" aria-controls=\"e-n-accordion-item-6663\" >\n\t\t\t\t\t<span class='e-n-accordion-item-title-header'><div class=\"e-n-accordion-item-title-text\"> Was soll ich tun, wenn mein Artikel falsch oder defekt ist? <\/div><\/span>\n\t\t\t\t\t\t\t<span class='e-n-accordion-item-title-icon'>\n\t\t\t<span class='e-opened' ><i aria-hidden=\"true\" class=\"fas fa-minus\"><\/i><\/span>\n\t\t\t<span class='e-closed'><i aria-hidden=\"true\" class=\"fas fa-plus\"><\/i><\/span>\n\t\t<\/span>\n\n\t\t\t\t\t\t<\/summary>\n\t\t\t\t<div role=\"region\" aria-labelledby=\"e-n-accordion-item-6663\" class=\"elementor-element elementor-element-5c1abb2 e-flex e-con-boxed e-con e-child\" data-id=\"5c1abb2\" data-element_type=\"container\">\n\t\t\t\t\t<div class=\"e-con-inner\">\n\t\t\t\t<div class=\"elementor-element elementor-element-56b3acb elementor-widget elementor-widget-text-editor\" data-id=\"56b3acb\" data-element_type=\"widget\" data-widget_type=\"text-editor.default\">\n\t\t\t\t<div class=\"elementor-widget-container\">\n\t\t\t\t\t\t\t\t\t<p>Wir entschuldigen uns aufrichtig f\u00fcr etwaige Probleme, die bei Ihrer Bestellung aufgetreten sind.<br \/>Wenn der gelieferte Artikel nicht Ihren Erwartungen entspricht oder von Ihrer Bestellung abweicht, kontaktieren Sie bitte unser Kundensupport-Team und geben Sie die Details an.<br \/>Damit wir das Problem schnell l\u00f6sen k\u00f6nnen:<\/p><p>Bitte f\u00fcgen Sie ein klares Foto des Artikels bei, damit wir ihn f\u00fcr Sie \u00fcberpr\u00fcfen k\u00f6nnen.<\/p><p>Wir versichern Ihnen, dass Ihre Zufriedenheit unsere h\u00f6chste Priorit\u00e4t ist.<\/p>\t\t\t\t\t\t\t\t<\/div>\n\t\t\t\t<\/div>\n\t\t\t\t\t<\/div>\n\t\t\t\t<\/div>\n\t\t\t\t\t<\/details>\n\t\t\t\t\t\t<details id=\"e-n-accordion-item-6664\" class=\"e-n-accordion-item\" >\n\t\t\t\t<summary class=\"e-n-accordion-item-title\" data-accordion-index=\"5\" tabindex=\"-1\" aria-expanded=\"false\" aria-controls=\"e-n-accordion-item-6664\" >\n\t\t\t\t\t<span class='e-n-accordion-item-title-header'><div class=\"e-n-accordion-item-title-text\"> Was sind Ihre R\u00fcckgaberichtlinien? <\/div><\/span>\n\t\t\t\t\t\t\t<span class='e-n-accordion-item-title-icon'>\n\t\t\t<span class='e-opened' ><i aria-hidden=\"true\" class=\"fas fa-minus\"><\/i><\/span>\n\t\t\t<span class='e-closed'><i aria-hidden=\"true\" class=\"fas fa-plus\"><\/i><\/span>\n\t\t<\/span>\n\n\t\t\t\t\t\t<\/summary>\n\t\t\t\t<div role=\"region\" aria-labelledby=\"e-n-accordion-item-6664\" class=\"elementor-element elementor-element-b800fc4 e-flex e-con-boxed e-con e-child\" data-id=\"b800fc4\" data-element_type=\"container\">\n\t\t\t\t\t<div class=\"e-con-inner\">\n\t\t\t\t<div class=\"elementor-element elementor-element-b1d2502 elementor-widget elementor-widget-text-editor\" data-id=\"b1d2502\" data-element_type=\"widget\" data-widget_type=\"text-editor.default\">\n\t\t\t\t<div class=\"elementor-widget-container\">\n\t\t\t\t\t\t\t\t\t<p>Unsere R\u00fcckgaberichtlinien<br \/>Wir bem\u00fchen uns um eine reibungslose R\u00fcckgabe. Artikel k\u00f6nnen innerhalb von 30 Tagen nach Lieferung zur\u00fcckgegeben werden, wenn sie die folgenden Kriterien erf\u00fcllen:<\/p><p>\u2705 R\u00fcckgabef\u00e4hige Artikel:<\/p><p>Unbenutzt und in Originalverpackung<br \/>In demselben Zustand, in dem sie geliefert wurden<\/p><p>\u274c Ausnahmen:<\/p><p>Angepasste Artikel (z.B. bedruckte Namen\/Nummern)<\/p><p>Falsch bestellte Artikel (z.B. falsche Gr\u00f6\u00dfe oder Stil)<br \/>Ausverkaufte Artikel (Endverkauf)<\/p><p>Meinungs\u00e4nderung<\/p><p>Qualit\u00e4tsprobleme: Je nach Einzelfall k\u00f6nnen alternative R\u00fcckgabe- und Erstattungsoptionen verf\u00fcgbar sein.<br \/>F\u00fcr weitere Informationen kontaktieren Sie bitte unser Kundendienstteam. Wir bem\u00fchen uns, die Angelegenheit zu kl\u00e4ren und Ihnen ein gro\u00dfartiges Erlebnis zu bieten.<\/p>\t\t\t\t\t\t\t\t<\/div>\n\t\t\t\t<\/div>\n\t\t\t\t\t<\/div>\n\t\t\t\t<\/div>\n\t\t\t\t\t<\/details>\n\t\t\t\t\t<\/div>\n\t\t\t\t\t\t<\/div>\n\t\t\t\t<\/div>\n\t\t\t\t\t<\/div>\n\t\t\t\t<\/div>\n\t\t\t\t<\/div>","protected":false},"excerpt":{"rendered":"<p>\u010casto kladen\u00e9 ot\u00e1zky M\u00e1te ot\u00e1zky? M\u00e1me odpovede&#8230; Kedy dostanem svoju objedn\u00e1vku, ak si objedn\u00e1m dnes? Dodacie lehoty sa m\u00f4\u017eu l\u00ed\u0161i\u0165 v z\u00e1vislosti od objednan\u00fdch polo\u017eiek, dostupnosti tovaru na sklade, mo\u017enost\u00ed prisp\u00f4sobenia a miesta doru\u010denia.Sna\u017e\u00edme sa doru\u010di\u0165 objedn\u00e1vky do 7 \u2013 12 pracovn\u00fdch dn\u00ed, pri\u010dom 75 % objedn\u00e1vok doraz\u00ed do 8 pracovn\u00fdch dn\u00ed. \ud83c\uddea\ud83c\uddfa Eur\u00f3pske krajinyDo [&hellip;]<\/p>","protected":false},"author":1,"featured_media":0,"parent":0,"menu_order":0,"comment_status":"closed","ping_status":"closed","template":"","meta":{"site-sidebar-layout":"no-sidebar","site-content-layout":"page-builder","ast-site-content-layout":"full-width-container","site-content-style":"default","site-sidebar-style":"default","ast-global-header-display":"","ast-banner-title-visibility":"","ast-main-header-display":"","ast-hfb-above-header-display":"","ast-hfb-below-header-display":"","ast-hfb-mobile-header-display":"","site-post-title":"","ast-breadcrumbs-content":"","ast-featured-img":"disabled","footer-sml-layout":"","theme-transparent-header-meta":"","adv-header-id-meta":"","stick-header-meta":"","header-above-stick-meta":"","header-main-stick-meta":"","header-below-stick-meta":"","astra-migrate-meta-layouts":"default","ast-page-background-enabled":"default","ast-page-background-meta":{"desktop":{"background-color":"var(--ast-global-color-4)","background-image":"","background-repeat":"repeat","background-position":"center center","background-size":"auto","background-attachment":"scroll","background-type":"","background-media":"","overlay-type":"","overlay-color":"","overlay-opacity":"","overlay-gradient":""},"tablet":{"background-color":"","background-image":"","background-repeat":"repeat","background-position":"center center","background-size":"auto","background-attachment":"scroll","background-type":"","background-media":"","overlay-type":"","overlay-color":"","overlay-opacity":"","overlay-gradient":""},"mobile":{"background-color":"","background-image":"","background-repeat":"repeat","background-position":"center center","background-size":"auto","background-attachment":"scroll","background-type":"","background-media":"","overlay-type":"","overlay-color":"","overlay-opacity":"","overlay-gradient":""}},"ast-content-background-meta":{"desktop":{"background-color":"var(--ast-global-color-5)","background-image":"","background-repeat":"repeat","background-position":"center center","background-size":"auto","background-attachment":"scroll","background-type":"","background-media":"","overlay-type":"","overlay-color":"","overlay-opacity":"","overlay-gradient":""},"tablet":{"background-color":"var(--ast-global-color-5)","background-image":"","background-repeat":"repeat","background-position":"center center","background-size":"auto","background-attachment":"scroll","background-type":"","background-media":"","overlay-type":"","overlay-color":"","overlay-opacity":"","overlay-gradient":""},"mobile":{"background-color":"var(--ast-global-color-5)","background-image":"","background-repeat":"repeat","background-position":"center center","background-size":"auto","background-attachment":"scroll","background-type":"","background-media":"","overlay-type":"","overlay-color":"","overlay-opacity":"","overlay-gradient":""}},"footnotes":""},"class_list":["post-12276","page","type-page","status-publish","hentry"],"_links":{"self":[{"href":"https:\/\/www.drespredeti.com\/de\/wp-json\/wp\/v2\/pages\/12276","targetHints":{"allow":["GET"]}}],"collection":[{"href":"https:\/\/www.drespredeti.com\/de\/wp-json\/wp\/v2\/pages"}],"about":[{"href":"https:\/\/www.drespredeti.com\/de\/wp-json\/wp\/v2\/types\/page"}],"author":[{"embeddable":true,"href":"https:\/\/www.drespredeti.com\/de\/wp-json\/wp\/v2\/users\/1"}],"replies":[{"embeddable":true,"href":"https:\/\/www.drespredeti.com\/de\/wp-json\/wp\/v2\/comments?post=12276"}],"version-history":[{"count":10,"href":"https:\/\/www.drespredeti.com\/de\/wp-json\/wp\/v2\/pages\/12276\/revisions"}],"predecessor-version":[{"id":12290,"href":"https:\/\/www.drespredeti.com\/de\/wp-json\/wp\/v2\/pages\/12276\/revisions\/12290"}],"wp:attachment":[{"href":"https:\/\/www.drespredeti.com\/de\/wp-json\/wp\/v2\/media?parent=12276"}],"curies":[{"name":"wp","href":"https:\/\/api.w.org\/{rel}","templated":true}]}}